{"id":1316,"date":"2021-03-05T14:15:33","date_gmt":"2021-03-05T14:15:33","guid":{"rendered":"http:\/\/civilportal.ro\/BodoBarna\/?page_id=1316"},"modified":"2021-04-08T11:19:53","modified_gmt":"2021-04-08T11:19:53","slug":"sajtoszereples","status":"publish","type":"page","link":"http:\/\/civilportal.ro\/BodoBarna\/hirek\/sajtoszereples\/","title":{"rendered":"Sajt\u00f3szerepl\u00e9s"},"content":{"rendered":"\t\t<div data-elementor-type=\"wp-page\" data-elementor-id=\"1316\" class=\"elementor elementor-1316\" data-elementor-settings=\"[]\">\n\t\t\t\t\t\t\t<div class=\"elementor-section-wrap\">\n\t\t\t\t\t\t\t<section class=\"elementor-section elementor-top-section elementor-element elementor-element-37615a09 elementor-section-boxed elementor-section-height-default elementor-section-height-default\" data-id=\"37615a09\" data-element_type=\"section\">\n\t\t\t\t\t\t<div class=\"elementor-container elementor-column-gap-default\">\n\t\t\t\t\t<div class=\"elementor-column elementor-col-100 elementor-top-column elementor-element elementor-element-9d24c16\" data-id=\"9d24c16\" data-element_type=\"column\">\n\t\t\t<div class=\"elementor-widget-wrap elementor-element-populated\">\n\t\t\t\t\t\t\t\t<div class=\"elementor-element elementor-element-103a500f elementor-widget elementor-widget-spacer\" data-id=\"103a500f\" data-element_type=\"widget\" data-widget_type=\"spacer.default\">\n\t\t\t\t<div class=\"elementor-widget-container\">\n\t\t\t\t\t<div class=\"elementor-spacer\">\n\t\t\t<div class=\"elementor-spacer-inner\"><\/div>\n\t\t<\/div>\n\t\t\t\t<\/div>\n\t\t\t\t<\/div>\n\t\t\t\t\t<\/div>\n\t\t<\/div>\n\t\t\t\t\t\t\t<\/div>\n\t\t<\/section>\n\t\t\t\t<section class=\"elementor-section elementor-top-section elementor-element elementor-element-78eac966 elementor-section-boxed elementor-section-height-default elementor-section-height-default\" data-id=\"78eac966\" data-element_type=\"section\">\n\t\t\t\t\t\t<div class=\"elementor-container elementor-column-gap-default\">\n\t\t\t\t\t<div class=\"elementor-column elementor-col-100 elementor-top-column elementor-element elementor-element-2488bf0e\" data-id=\"2488bf0e\" data-element_type=\"column\">\n\t\t\t<div class=\"elementor-widget-wrap elementor-element-populated\">\n\t\t\t\t\t\t\t\t<div class=\"elementor-element elementor-element-63bc82e2 elementor-widget elementor-widget-heading\" data-id=\"63bc82e2\" data-element_type=\"widget\" data-widget_type=\"heading.default\">\n\t\t\t\t<div class=\"elementor-widget-container\">\n\t\t\t<h1 class=\"elementor-heading-title elementor-size-default\">Sajt\u00f3szerepl\u00e9s<\/h1>\t\t<\/div>\n\t\t\t\t<\/div>\n\t\t\t\t\t<\/div>\n\t\t<\/div>\n\t\t\t\t\t\t\t<\/div>\n\t\t<\/section>\n\t\t\t\t<section class=\"elementor-section elementor-top-section elementor-element elementor-element-30a3646 elementor-section-boxed elementor-section-height-default elementor-section-height-default\" data-id=\"30a3646\" data-element_type=\"section\">\n\t\t\t\t\t\t<div class=\"elementor-container elementor-column-gap-default\">\n\t\t\t\t\t<div class=\"elementor-column elementor-col-100 elementor-top-column elementor-element elementor-element-15fec76\" data-id=\"15fec76\" data-element_type=\"column\">\n\t\t\t<div class=\"elementor-widget-wrap elementor-element-populated\">\n\t\t\t\t\t\t\t\t<div class=\"elementor-element elementor-element-9dd575e elementor-widget elementor-widget-spacer\" data-id=\"9dd575e\" data-element_type=\"widget\" data-widget_type=\"spacer.default\">\n\t\t\t\t<div class=\"elementor-widget-container\">\n\t\t\t\t\t<div class=\"elementor-spacer\">\n\t\t\t<div class=\"elementor-spacer-inner\"><\/div>\n\t\t<\/div>\n\t\t\t\t<\/div>\n\t\t\t\t<\/div>\n\t\t\t\t\t<\/div>\n\t\t<\/div>\n\t\t\t\t\t\t\t<\/div>\n\t\t<\/section>\n\t\t\t\t<section class=\"elementor-section elementor-top-section elementor-element elementor-element-d29ee0c elementor-section-boxed elementor-section-height-default elementor-section-height-default\" data-id=\"d29ee0c\" data-element_type=\"section\">\n\t\t\t\t\t\t<div class=\"elementor-container elementor-column-gap-default\">\n\t\t\t\t\t<div class=\"elementor-column elementor-col-50 elementor-top-column elementor-element elementor-element-3b5c49b\" data-id=\"3b5c49b\" data-element_type=\"column\" data-settings=\"{&quot;background_background&quot;:&quot;classic&quot;}\">\n\t\t\t<div class=\"elementor-widget-wrap elementor-element-populated\">\n\t\t\t\t\t\t\t\t<div class=\"elementor-element elementor-element-cb12f7a elementor-widget elementor-widget-text-editor\" data-id=\"cb12f7a\" data-element_type=\"widget\" data-widget_type=\"text-editor.default\">\n\t\t\t\t<div class=\"elementor-widget-container\">\n\t\t\t\t\t<div class=\"elementor-text-editor elementor-clearfix\"><h4 style=\"text-align: center;\">MCSZESZ essz\u00e9p\u00e1ly\u00e1zat<\/h4><p style=\"text-align: center;\">2021. m\u00e1rcius 16. &#8211; Temesv\u00e1ri r\u00e1di\u00f3<\/p><p><audio class=\"wp-audio-shortcode\" id=\"audio-1316-1\" preload=\"none\" style=\"width: 100%;\" controls=\"controls\"><source type=\"audio\/mpeg\" src=\"http:\/\/civilportal.ro\/BodoBarna\/wp-content\/uploads\/2021\/04\/MCSZESZ-esszepelyezat.mp3?_=1\" \/><a href=\"http:\/\/civilportal.ro\/BodoBarna\/wp-content\/uploads\/2021\/04\/MCSZESZ-esszepelyezat.mp3\">http:\/\/civilportal.ro\/BodoBarna\/wp-content\/uploads\/2021\/04\/MCSZESZ-esszepelyezat.mp3<\/a><\/audio><\/p><\/div>\n\t\t\t\t<\/div>\n\t\t\t\t<\/div>\n\t\t\t\t\t<\/div>\n\t\t<\/div>\n\t\t\t\t<div class=\"elementor-column elementor-col-50 elementor-top-column elementor-element elementor-element-c6c30cd\" data-id=\"c6c30cd\" data-element_type=\"column\" data-settings=\"{&quot;background_background&quot;:&quot;classic&quot;}\">\n\t\t\t<div class=\"elementor-widget-wrap elementor-element-populated\">\n\t\t\t\t\t\t\t\t<div class=\"elementor-element elementor-element-648afa4 elementor-widget elementor-widget-text-editor\" data-id=\"648afa4\" data-element_type=\"widget\" data-widget_type=\"text-editor.default\">\n\t\t\t\t<div class=\"elementor-widget-container\">\n\t\t\t\t\t<div class=\"elementor-text-editor elementor-clearfix\"><h4 style=\"text-align: center;\">V\u00e1laszt\u00e1sok elemz\u00e9se<\/h4><p style=\"text-align: center;\">2021. m\u00e1rcius 5. &#8211; Marosv\u00e1s\u00e1rhelyi r\u00e1di\u00f3<\/p><p><audio class=\"wp-audio-shortcode\" id=\"audio-1316-2\" preload=\"none\" style=\"width: 100%;\" controls=\"controls\"><source type=\"audio\/mpeg\" src=\"http:\/\/civilportal.ro\/BodoBarna\/wp-content\/uploads\/2021\/04\/Interju-Bodo-Barna-Marosvasarhely.mp3?_=2\" \/><a href=\"http:\/\/civilportal.ro\/BodoBarna\/wp-content\/uploads\/2021\/04\/Interju-Bodo-Barna-Marosvasarhely.mp3\">http:\/\/civilportal.ro\/BodoBarna\/wp-content\/uploads\/2021\/04\/Interju-Bodo-Barna-Marosvasarhely.mp3<\/a><\/audio><\/p><\/div>\n\t\t\t\t<\/div>\n\t\t\t\t<\/div>\n\t\t\t\t\t<\/div>\n\t\t<\/div>\n\t\t\t\t\t\t\t<\/div>\n\t\t<\/section>\n\t\t\t\t<section class=\"elementor-section elementor-top-section elementor-element elementor-element-4bf4365 elementor-section-boxed elementor-section-height-default elementor-section-height-default\" data-id=\"4bf4365\" data-element_type=\"section\">\n\t\t\t\t\t\t<div class=\"elementor-container elementor-column-gap-default\">\n\t\t\t\t\t<div class=\"elementor-column elementor-col-50 elementor-top-column elementor-element elementor-element-30a2d16\" data-id=\"30a2d16\" data-element_type=\"column\" data-settings=\"{&quot;background_background&quot;:&quot;classic&quot;}\">\n\t\t\t<div class=\"elementor-widget-wrap elementor-element-populated\">\n\t\t\t\t\t\t\t\t<div class=\"elementor-element elementor-element-0ca2f66 elementor-widget elementor-widget-text-editor\" data-id=\"0ca2f66\" data-element_type=\"widget\" data-widget_type=\"text-editor.default\">\n\t\t\t\t<div class=\"elementor-widget-container\">\n\t\t\t\t\t<div class=\"elementor-text-editor elementor-clearfix\"><h4 style=\"text-align: center;\">Bod\u00f3 Barna publicisztik\u00e1i<\/h4>\n<p style=\"text-align: center;\">2021. febru\u00e1r 20. &#8211; Temesv\u00e1ri r\u00e1di\u00f3<\/p>\n<audio class=\"wp-audio-shortcode\" id=\"audio-1316-3\" preload=\"none\" style=\"width: 100%;\" controls=\"controls\"><source type=\"audio\/mpeg\" src=\"http:\/\/civilportal.ro\/BodoBarna\/wp-content\/uploads\/2021\/03\/Bodo-Barna-publicisztikai-Temesvari-radio.mp3?_=3\" \/><a href=\"http:\/\/civilportal.ro\/BodoBarna\/wp-content\/uploads\/2021\/03\/Bodo-Barna-publicisztikai-Temesvari-radio.mp3\">http:\/\/civilportal.ro\/BodoBarna\/wp-content\/uploads\/2021\/03\/Bodo-Barna-publicisztikai-Temesvari-radio.mp3<\/a><\/audio><\/div>\n\t\t\t\t<\/div>\n\t\t\t\t<\/div>\n\t\t\t\t\t<\/div>\n\t\t<\/div>\n\t\t\t\t<div class=\"elementor-column elementor-col-50 elementor-top-column elementor-element elementor-element-85306c1\" data-id=\"85306c1\" data-element_type=\"column\" data-settings=\"{&quot;background_background&quot;:&quot;classic&quot;}\">\n\t\t\t<div class=\"elementor-widget-wrap elementor-element-populated\">\n\t\t\t\t\t\t\t\t<div class=\"elementor-element elementor-element-a6c086c elementor-widget elementor-widget-text-editor\" data-id=\"a6c086c\" data-element_type=\"widget\" data-widget_type=\"text-editor.default\">\n\t\t\t\t<div class=\"elementor-widget-container\">\n\t\t\t\t\t<div class=\"elementor-text-editor elementor-clearfix\"><h4 style=\"text-align: center;\">Temesv\u00e1ri magyarok<\/h4><p style=\"text-align: center;\">2021. febru\u00e1r 5. &#8211; Marosv\u00e1s\u00e1rhelyi r\u00e1di\u00f3<\/p><p><audio class=\"wp-audio-shortcode\" id=\"audio-1316-4\" preload=\"none\" style=\"width: 100%;\" controls=\"controls\"><source type=\"audio\/mpeg\" src=\"http:\/\/civilportal.ro\/BodoBarna\/wp-content\/uploads\/2021\/03\/Temesvari-magyarok-Marosvasarhelyi-radio.mp3?_=4\" \/><a href=\"http:\/\/civilportal.ro\/BodoBarna\/wp-content\/uploads\/2021\/03\/Temesvari-magyarok-Marosvasarhelyi-radio.mp3\">http:\/\/civilportal.ro\/BodoBarna\/wp-content\/uploads\/2021\/03\/Temesvari-magyarok-Marosvasarhelyi-radio.mp3<\/a><\/audio><\/p><\/div>\n\t\t\t\t<\/div>\n\t\t\t\t<\/div>\n\t\t\t\t\t<\/div>\n\t\t<\/div>\n\t\t\t\t\t\t\t<\/div>\n\t\t<\/section>\n\t\t\t\t<section class=\"elementor-section elementor-top-section elementor-element elementor-element-84da0bb elementor-section-boxed elementor-section-height-default elementor-section-height-default\" data-id=\"84da0bb\" data-element_type=\"section\">\n\t\t\t\t\t\t<div class=\"elementor-container elementor-column-gap-default\">\n\t\t\t\t\t<div class=\"elementor-column elementor-col-50 elementor-top-column elementor-element elementor-element-a3561ba\" data-id=\"a3561ba\" data-element_type=\"column\" data-settings=\"{&quot;background_background&quot;:&quot;classic&quot;}\">\n\t\t\t<div class=\"elementor-widget-wrap elementor-element-populated\">\n\t\t\t\t\t\t\t\t<div class=\"elementor-element elementor-element-fef70cc elementor-widget elementor-widget-text-editor\" data-id=\"fef70cc\" data-element_type=\"widget\" data-widget_type=\"text-editor.default\">\n\t\t\t\t<div class=\"elementor-widget-container\">\n\t\t\t\t\t<div class=\"elementor-text-editor elementor-clearfix\"><h4 style=\"text-align: center;\">Egy lexikonk\u00e9sz\u00edt\u00e9s tanuls\u00e1gai<\/h4><p style=\"text-align: center;\">2021. janu\u00e1r 31. &#8211; Kossuth r\u00e1di\u00f3<\/p><p><audio class=\"wp-audio-shortcode\" id=\"audio-1316-5\" preload=\"none\" style=\"width: 100%;\" controls=\"controls\"><source type=\"audio\/mpeg\" src=\"http:\/\/civilportal.ro\/BodoBarna\/wp-content\/uploads\/2021\/03\/Egy-lexikonkeszites-tanulsagai-Kossuth-radio.mp3?_=5\" \/><a href=\"http:\/\/civilportal.ro\/BodoBarna\/wp-content\/uploads\/2021\/03\/Egy-lexikonkeszites-tanulsagai-Kossuth-radio.mp3\">http:\/\/civilportal.ro\/BodoBarna\/wp-content\/uploads\/2021\/03\/Egy-lexikonkeszites-tanulsagai-Kossuth-radio.mp3<\/a><\/audio><\/p><\/div>\n\t\t\t\t<\/div>\n\t\t\t\t<\/div>\n\t\t\t\t\t<\/div>\n\t\t<\/div>\n\t\t\t\t<div class=\"elementor-column elementor-col-50 elementor-top-column elementor-element elementor-element-257fc6e\" data-id=\"257fc6e\" data-element_type=\"column\" data-settings=\"{&quot;background_background&quot;:&quot;classic&quot;}\">\n\t\t\t<div class=\"elementor-widget-wrap elementor-element-populated\">\n\t\t\t\t\t\t\t\t<div class=\"elementor-element elementor-element-604c22b elementor-widget elementor-widget-text-editor\" data-id=\"604c22b\" data-element_type=\"widget\" data-widget_type=\"text-editor.default\">\n\t\t\t\t<div class=\"elementor-widget-container\">\n\t\t\t\t\t<div class=\"elementor-text-editor elementor-clearfix\"><h4 style=\"text-align: center;\">Temesv\u00e1ri migr\u00e1nsok<\/h4><p style=\"text-align: center;\">2021. janu\u00e1r 29. &#8211; Marosv\u00e1s\u00e1rhelyi r\u00e1di\u00f3<\/p><p><audio class=\"wp-audio-shortcode\" id=\"audio-1316-6\" preload=\"none\" style=\"width: 100%;\" controls=\"controls\"><source type=\"audio\/mpeg\" src=\"http:\/\/civilportal.ro\/BodoBarna\/wp-content\/uploads\/2021\/03\/Temesvari-migransok-Marosvasarhelyi-radio.mp3?_=6\" \/><a href=\"http:\/\/civilportal.ro\/BodoBarna\/wp-content\/uploads\/2021\/03\/Temesvari-migransok-Marosvasarhelyi-radio.mp3\">http:\/\/civilportal.ro\/BodoBarna\/wp-content\/uploads\/2021\/03\/Temesvari-migransok-Marosvasarhelyi-radio.mp3<\/a><\/audio><\/p><\/div>\n\t\t\t\t<\/div>\n\t\t\t\t<\/div>\n\t\t\t\t\t<\/div>\n\t\t<\/div>\n\t\t\t\t\t\t\t<\/div>\n\t\t<\/section>\n\t\t\t\t<section class=\"elementor-section elementor-top-section elementor-element elementor-element-951b7b8 elementor-section-boxed elementor-section-height-default elementor-section-height-default\" data-id=\"951b7b8\" data-element_type=\"section\">\n\t\t\t\t\t\t<div class=\"elementor-container elementor-column-gap-default\">\n\t\t\t\t\t<div class=\"elementor-column elementor-col-50 elementor-top-column elementor-element elementor-element-84bbd89\" data-id=\"84bbd89\" data-element_type=\"column\" data-settings=\"{&quot;background_background&quot;:&quot;classic&quot;}\">\n\t\t\t<div class=\"elementor-widget-wrap elementor-element-populated\">\n\t\t\t\t\t\t\t\t<div class=\"elementor-element elementor-element-3287b06 elementor-widget elementor-widget-text-editor\" data-id=\"3287b06\" data-element_type=\"widget\" data-widget_type=\"text-editor.default\">\n\t\t\t\t<div class=\"elementor-widget-container\">\n\t\t\t\t\t<div class=\"elementor-text-editor elementor-clearfix\"><h4 style=\"text-align: center;\">V\u00e1laszt\u00e1si eredm\u00e9nyek elemz\u00e9se<\/h4><p style=\"text-align: center;\">2020. december 8. &#8211; Temesv\u00e1ri r\u00e1di\u00f3<\/p><p><audio class=\"wp-audio-shortcode\" id=\"audio-1316-7\" preload=\"none\" style=\"width: 100%;\" controls=\"controls\"><source type=\"audio\/mpeg\" src=\"http:\/\/civilportal.ro\/BodoBarna\/wp-content\/uploads\/2021\/04\/Valasztasi-eredmenyek-elemzese-Bodo-Barnaval.mp3?_=7\" \/><a href=\"http:\/\/civilportal.ro\/BodoBarna\/wp-content\/uploads\/2021\/04\/Valasztasi-eredmenyek-elemzese-Bodo-Barnaval.mp3\">http:\/\/civilportal.ro\/BodoBarna\/wp-content\/uploads\/2021\/04\/Valasztasi-eredmenyek-elemzese-Bodo-Barnaval.mp3<\/a><\/audio><\/p><\/div>\n\t\t\t\t<\/div>\n\t\t\t\t<\/div>\n\t\t\t\t\t<\/div>\n\t\t<\/div>\n\t\t\t\t<div class=\"elementor-column elementor-col-50 elementor-top-column elementor-element elementor-element-fedfe93\" data-id=\"fedfe93\" data-element_type=\"column\" data-settings=\"{&quot;background_background&quot;:&quot;classic&quot;}\">\n\t\t\t<div class=\"elementor-widget-wrap elementor-element-populated\">\n\t\t\t\t\t\t\t\t<div class=\"elementor-element elementor-element-95cc30a elementor-widget elementor-widget-text-editor\" data-id=\"95cc30a\" data-element_type=\"widget\" data-widget_type=\"text-editor.default\">\n\t\t\t\t<div class=\"elementor-widget-container\">\n\t\t\t\t\t<div class=\"elementor-text-editor elementor-clearfix\"><h4 style=\"text-align: center;\">M\u00e1sodik b\u00e9csi d\u00f6nt\u00e9s<\/h4><p style=\"text-align: center;\">2020. augusztus 28. &#8211; Temesv\u00e1ri r\u00e1di\u00f3<\/p><p><audio class=\"wp-audio-shortcode\" id=\"audio-1316-8\" preload=\"none\" style=\"width: 100%;\" controls=\"controls\"><source type=\"audio\/mpeg\" src=\"http:\/\/civilportal.ro\/BodoBarna\/wp-content\/uploads\/2021\/04\/Masodik-becsi-dontes.mp3?_=8\" \/><a href=\"http:\/\/civilportal.ro\/BodoBarna\/wp-content\/uploads\/2021\/04\/Masodik-becsi-dontes.mp3\">http:\/\/civilportal.ro\/BodoBarna\/wp-content\/uploads\/2021\/04\/Masodik-becsi-dontes.mp3<\/a><\/audio><\/p><\/div>\n\t\t\t\t<\/div>\n\t\t\t\t<\/div>\n\t\t\t\t\t<\/div>\n\t\t<\/div>\n\t\t\t\t\t\t\t<\/div>\n\t\t<\/section>\n\t\t\t\t<section class=\"elementor-section elementor-top-section elementor-element elementor-element-19bffed elementor-section-boxed elementor-section-height-default elementor-section-height-default\" data-id=\"19bffed\" data-element_type=\"section\">\n\t\t\t\t\t\t<div class=\"elementor-container elementor-column-gap-default\">\n\t\t\t\t\t<div class=\"elementor-column elementor-col-100 elementor-top-column elementor-element elementor-element-6a4486c\" data-id=\"6a4486c\" data-element_type=\"column\">\n\t\t\t<div class=\"elementor-widget-wrap elementor-element-populated\">\n\t\t\t\t\t\t\t\t<div class=\"elementor-element elementor-element-b90570f elementor-widget elementor-widget-spacer\" data-id=\"b90570f\" data-element_type=\"widget\" data-widget_type=\"spacer.default\">\n\t\t\t\t<div class=\"elementor-widget-container\">\n\t\t\t\t\t<div class=\"elementor-spacer\">\n\t\t\t<div class=\"elementor-spacer-inner\"><\/div>\n\t\t<\/div>\n\t\t\t\t<\/div>\n\t\t\t\t<\/div>\n\t\t\t\t\t<\/div>\n\t\t<\/div>\n\t\t\t\t\t\t\t<\/div>\n\t\t<\/section>\n\t\t\t\t\t\t<\/div>\n\t\t\t\t\t<\/div>\n\t\t","protected":false},"excerpt":{"rendered":"<p>Sajt\u00f3szerepl\u00e9s MCSZESZ essz\u00e9p\u00e1ly\u00e1zat 2021. m\u00e1rcius 16. &#8211; Temesv\u00e1ri r\u00e1di\u00f3 V\u00e1laszt\u00e1sok elemz\u00e9se 2021. m\u00e1rcius 5. &#8211; Marosv\u00e1s\u00e1rhelyi r\u00e1di\u00f3 Bod\u00f3 Barna publicisztik\u00e1i 2021. febru\u00e1r 20. &#8211; Temesv\u00e1ri r\u00e1di\u00f3 Temesv\u00e1ri magyarok 2021. febru\u00e1r 5. &#8211; Marosv\u00e1s\u00e1rhelyi r\u00e1di\u00f3 Egy lexikonk\u00e9sz\u00edt\u00e9s tanuls\u00e1gai 2021. janu\u00e1r 31. &#8211; Kossuth r\u00e1di\u00f3 Temesv\u00e1ri migr\u00e1nsok 2021. janu\u00e1r 29. &#8211; Marosv\u00e1s\u00e1rhelyi r\u00e1di\u00f3 V\u00e1laszt\u00e1si eredm\u00e9nyek elemz\u00e9se 2020. december 8. &#8211; Temesv\u00e1ri r\u00e1di\u00f3 M\u00e1sodik b\u00e9csi d\u00f6nt\u00e9s 2020. augusztus 28. &#8211; Temesv\u00e1ri r\u00e1di\u00f3<\/p>\n","protected":false},"author":1,"featured_media":0,"parent":1401,"menu_order":0,"comment_status":"closed","ping_status":"closed","template":"elementor_header_footer","meta":{"footnotes":""},"class_list":["post-1316","page","type-page","status-publish","hentry"],"_links":{"self":[{"href":"http:\/\/civilportal.ro\/BodoBarna\/wp-json\/wp\/v2\/pages\/1316","targetHints":{"allow":["GET"]}}],"collection":[{"href":"http:\/\/civilportal.ro\/BodoBarna\/wp-json\/wp\/v2\/pages"}],"about":[{"href":"http:\/\/civilportal.ro\/BodoBarna\/wp-json\/wp\/v2\/types\/page"}],"author":[{"embeddable":true,"href":"http:\/\/civilportal.ro\/BodoBarna\/wp-json\/wp\/v2\/users\/1"}],"replies":[{"embeddable":true,"href":"http:\/\/civilportal.ro\/BodoBarna\/wp-json\/wp\/v2\/comments?post=1316"}],"version-history":[{"count":94,"href":"http:\/\/civilportal.ro\/BodoBarna\/wp-json\/wp\/v2\/pages\/1316\/revisions"}],"predecessor-version":[{"id":1914,"href":"http:\/\/civilportal.ro\/BodoBarna\/wp-json\/wp\/v2\/pages\/1316\/revisions\/1914"}],"up":[{"embeddable":true,"href":"http:\/\/civilportal.ro\/BodoBarna\/wp-json\/wp\/v2\/pages\/1401"}],"wp:attachment":[{"href":"http:\/\/civilportal.ro\/BodoBarna\/wp-json\/wp\/v2\/media?parent=1316"}],"curies":[{"name":"wp","href":"https:\/\/api.w.org\/{rel}","templated":true}]}}